{"id":1100,"date":"2025-10-16T02:44:11","date_gmt":"2025-10-16T08:44:11","guid":{"rendered":"https:\/\/silverblue.com\/carta-para-inversores\/"},"modified":"2025-11-11T18:21:07","modified_gmt":"2025-11-12T00:21:07","slug":"carta-para-inversores","status":"publish","type":"page","link":"https:\/\/silverblue.cyanmedialab.com\/es\/carta-para-inversores\/","title":{"rendered":"Carta para inversores"},"content":{"rendered":"\t\t<div data-elementor-type=\"wp-page\" data-elementor-id=\"1100\" class=\"elementor elementor-1100 elementor-474\">\n\t\t\t\t<div class=\"elementor-element elementor-element-1dc10e6 e-flex e-con-boxed e-con e-parent\" data-id=\"1dc10e6\" data-element_type=\"container\">\n\t\t\t\t\t<div class=\"e-con-inner\">\n\t\t<div class=\"elementor-element elementor-element-30275be e-con-full e-flex e-con e-child\" data-id=\"30275be\" data-element_type=\"container\">\n\t\t\t\t<div class=\"elementor-element elementor-element-d5b742a elementor-widget elementor-widget-image\" data-id=\"d5b742a\" data-element_type=\"widget\" data-widget_type=\"image.default\">\n\t\t\t\t<div class=\"elementor-widget-container\">\n\t\t\t\t\t\t\t\t\t\t\t\t\t\t\t<img fetchpriority=\"high\" decoding=\"async\" width=\"714\" height=\"1024\" src=\"https:\/\/silverblue.cyanmedialab.com\/wp-content\/uploads\/2025\/11\/Letter-Silverblue-1-714x1024.png\" class=\"attachment-large size-large wp-image-1240\" alt=\"\" srcset=\"https:\/\/silverblue.cyanmedialab.com\/wp-content\/uploads\/2025\/11\/Letter-Silverblue-1-714x1024.png 714w, https:\/\/silverblue.cyanmedialab.com\/wp-content\/uploads\/2025\/11\/Letter-Silverblue-1-209x300.png 209w, https:\/\/silverblue.cyanmedialab.com\/wp-content\/uploads\/2025\/11\/Letter-Silverblue-1-768x1101.png 768w, https:\/\/silverblue.cyanmedialab.com\/wp-content\/uploads\/2025\/11\/Letter-Silverblue-1-760x1089.png 760w, https:\/\/silverblue.cyanmedialab.com\/wp-content\/uploads\/2025\/11\/Letter-Silverblue-1-370x530.png 370w, https:\/\/silverblue.cyanmedialab.com\/wp-content\/uploads\/2025\/11\/Letter-Silverblue-1.png 787w\" sizes=\"(max-width: 767px) 100vw, 714px\" \/>\t\t\t\t\t\t\t\t\t\t\t\t\t\t\t<\/div>\n\t\t\t\t<\/div>\n\t\t\t\t<\/div>\n\t\t<div class=\"elementor-element elementor-element-d37769f e-con-full e-flex e-con e-child\" data-id=\"d37769f\" data-element_type=\"container\">\n\t\t\t\t<div class=\"elementor-element elementor-element-e4661ef elementor-widget elementor-widget-heading\" data-id=\"e4661ef\" data-element_type=\"widget\" data-widget_type=\"heading.default\">\n\t\t\t\t<div class=\"elementor-widget-container\">\n\t\t\t\t\t<h2 class=\"elementor-heading-title elementor-size-default\">Carta de los socios fundadores<\/h2>\t\t\t\t<\/div>\n\t\t\t\t<\/div>\n\t\t\t\t<div class=\"elementor-element elementor-element-f10868e elementor-widget elementor-widget-text-editor\" data-id=\"f10868e\" data-element_type=\"widget\" data-widget_type=\"text-editor.default\">\n\t\t\t\t<div class=\"elementor-widget-container\">\n\t\t\t\t\t\t\t\t\t<p>En Silverblue, creemos que el capital debe estar guiado, no solo por los datos, sino tambi\u00e9n por la conciencia.<\/p><p>Nuestra filosof\u00eda es simple pero inquebrantable, la integridad y la \u00e9tica, son el fundamento del \u00e9xito por ello cada decisi\u00f3n de inversi\u00f3n que tomamos se mide no s\u00f3lo en t\u00e9rminos financieros, sino tambi\u00e9n por en la capacidad de generar valor responsable y duradero.<\/p><p>Operamos bajo la convicci\u00f3n de que la disciplina y la \u00e9tica son inseparables, de que los datos impulsan nuestra precisi\u00f3n y que la integridad define nuestra direcci\u00f3n. Este equilibrio nos permite buscar oportunidades que generen crecimiento al tiempo que honramos los sistemas sociales y ambientales que lo sustentan.<\/p><p>El mundo se est\u00e1 moviendo hacia un nuevo paradigma, uno donde la transparencia, la gobernanza y el impacto medible definen la solidez de toda instituci\u00f3n. En Silverblue, abrazamos esa realidad, haciendo de la inversi\u00f3n nuestro compromiso, para impulsar proyectos y alianzas que reflejen la claridad moral, la excelencia operativa y la resiliencia a largo plazo. El capital, cuando es guiado por la \u00e9tica y la visi\u00f3n, se convierte en una fuerza para el progeso,<br \/>que moldea industrias, fortalece comunidades y regenera la confianza.<\/p><p>Ese futuro que estamos construyendo, una inversi\u00f3n a la vez, con disciplina, datos e integridad.<\/p>\t\t\t\t\t\t\t\t<\/div>\n\t\t\t\t<\/div>\n\t\t\t\t<div class=\"elementor-element elementor-element-f4e95f6 elementor-widget__width-initial elementor-widget elementor-widget-text-editor\" data-id=\"f4e95f6\" data-element_type=\"widget\" data-widget_type=\"text-editor.default\">\n\t\t\t\t<div class=\"elementor-widget-container\">\n\t\t\t\t\t\t\t\t\t<p>Guiados por los datos. Impulsados por el prop\u00f3sito. Definidos por la integridad.<\/p>\t\t\t\t\t\t\t\t<\/div>\n\t\t\t\t<\/div>\n\t\t\t\t<div class=\"elementor-element elementor-element-da6d8a5 elementor-widget elementor-widget-text-editor\" data-id=\"da6d8a5\" data-element_type=\"widget\" data-widget_type=\"text-editor.default\">\n\t\t\t\t<div class=\"elementor-widget-container\">\n\t\t\t\t\t\t\t\t\t<p>Los Socios de Silverblue<\/p>\t\t\t\t\t\t\t\t<\/div>\n\t\t\t\t<\/div>\n\t\t\t\t<\/div>\n\t\t\t\t\t<\/div>\n\t\t\t\t<\/div>\n\t\t\t\t<\/div>\n\t\t","protected":false},"excerpt":{"rendered":"<p>Carta de los socios fundadores En Silverblue, creemos que el capital debe estar guiado, no solo por los datos, sino tambi\u00e9n por la conciencia. Nuestra filosof\u00eda es simple pero inquebrantable, la integridad y la \u00e9tica, son el fundamento del \u00e9xito por ello cada decisi\u00f3n de inversi\u00f3n que tomamos se mide no s\u00f3lo en t\u00e9rminos financieros, [&hellip;]<\/p>\n","protected":false},"author":1,"featured_media":0,"parent":0,"menu_order":0,"comment_status":"closed","ping_status":"closed","template":"","meta":{"footnotes":""},"class_list":["post-1100","page","type-page","status-publish","hentry"],"_links":{"self":[{"href":"https:\/\/silverblue.cyanmedialab.com\/es\/wp-json\/wp\/v2\/pages\/1100","targetHints":{"allow":["GET"]}}],"collection":[{"href":"https:\/\/silverblue.cyanmedialab.com\/es\/wp-json\/wp\/v2\/pages"}],"about":[{"href":"https:\/\/silverblue.cyanmedialab.com\/es\/wp-json\/wp\/v2\/types\/page"}],"author":[{"embeddable":true,"href":"https:\/\/silverblue.cyanmedialab.com\/es\/wp-json\/wp\/v2\/users\/1"}],"replies":[{"embeddable":true,"href":"https:\/\/silverblue.cyanmedialab.com\/es\/wp-json\/wp\/v2\/comments?post=1100"}],"version-history":[{"count":0,"href":"https:\/\/silverblue.cyanmedialab.com\/es\/wp-json\/wp\/v2\/pages\/1100\/revisions"}],"wp:attachment":[{"href":"https:\/\/silverblue.cyanmedialab.com\/es\/wp-json\/wp\/v2\/media?parent=1100"}],"curies":[{"name":"wp","href":"https:\/\/api.w.org\/{rel}","templated":true}]}}